{"id":2,"date":"2026-02-06T11:38:13","date_gmt":"2026-02-06T10:38:13","guid":{"rendered":"https:\/\/beta.isdi-perval.fr\/?page_id=2"},"modified":"2026-04-02T10:26:22","modified_gmt":"2026-04-02T08:26:22","slug":"isdi-perval","status":"publish","type":"page","link":"https:\/\/www.isdi-perval.fr\/","title":{"rendered":"Isdi Perval"},"content":{"rendered":"<p>Les entreprises du BTP font face \u00e0 d&#8217;importants volumes de d\u00e9blais de chantier qui sont pour partie recyclables. Nous avons cr\u00e9\u00e9 une installation de stockage de d\u00e9chets inertes (ISDI) \u00e0 Gevrey-Chambertin qui vous accueille depuis le 05 juillet 2015. Cette installation permet de r\u00e9pondre \u00e0 la r\u00e9glementation en vigueur dans le cadre des plans d&#8217;\u00e9limination des d\u00e9chets.<\/p>\n<p>Elle offre \u00e9galement \u00e0 l&#8217;ensemble des acteurs locaux du BTP qui le souhaitent un service de proximit\u00e9 pour r\u00e9duire le co\u00fbt de transport et de traitement des d\u00e9blais issus de leurs chantiers.<\/p>\n","protected":false},"excerpt":{"rendered":"<p>Les entreprises du BTP font face \u00e0 d&#8217;importants volumes de d\u00e9blais de chantier qui sont pour partie recyclables. Nous avons cr\u00e9\u00e9 une installation de stockage de d\u00e9chets inertes (ISDI) \u00e0 Gevrey-Chambertin qui vous accueille depuis le 05 juillet 2015. Cette installation permet de r\u00e9pondre \u00e0 la r\u00e9glementation en vigueur dans le cadre des plans d&#8217;\u00e9limination [&hellip;]<\/p>\n","protected":false},"author":1,"featured_media":28,"parent":0,"menu_order":0,"comment_status":"closed","ping_status":"closed","template":"","meta":{"_acf_changed":false,"footnotes":""},"class_list":["post-2","page","type-page","status-publish","has-post-thumbnail","hentry"],"acf":[],"yoast_head":"<!-- This site is optimized with the Yoast SEO plugin v27.2 - https:\/\/yoast.com\/product\/yoast-seo-wordpress\/ -->\n<title>Isdi Perval - ISDI Perval Installation de Stockage de D\u00e9chets Inertes, Gevrey-Chambertin, Dijon - ISDI Perval<\/title>\n<meta name=\"description\" content=\"Centre ISDI Perval \u00e0 Gevrey-Chambertin : stockage et gestion des d\u00e9chets inertes de chantier pour les professionnels du BTP pr\u00e8s de Dijon.\" \/>\n<meta name=\"robots\" content=\"index, follow, max-snippet:-1, max-image-preview:large, max-video-preview:-1\" \/>\n<link rel=\"canonical\" href=\"https:\/\/www.isdi-perval.fr\/\" \/>\n<meta property=\"og:locale\" content=\"fr_FR\" \/>\n<meta property=\"og:type\" content=\"article\" \/>\n<meta property=\"og:title\" content=\"Isdi Perval - ISDI Perval Installation de Stockage de D\u00e9chets Inertes, Gevrey-Chambertin, Dijon - ISDI Perval\" \/>\n<meta property=\"og:description\" content=\"Centre ISDI Perval \u00e0 Gevrey-Chambertin : stockage et gestion des d\u00e9chets inertes de chantier pour les professionnels du BTP pr\u00e8s de Dijon.\" \/>\n<meta property=\"og:url\" content=\"https:\/\/www.isdi-perval.fr\/\" \/>\n<meta property=\"og:site_name\" content=\"ISDI Perval\" \/>\n<meta property=\"article:modified_time\" content=\"2026-04-02T08:26:22+00:00\" \/>\n<meta property=\"og:image\" content=\"https:\/\/www.isdi-perval.fr\/wp-content\/uploads\/2026\/02\/isdi-perval-site.jpg\" \/>\n\t<meta property=\"og:image:width\" content=\"1800\" \/>\n\t<meta property=\"og:image:height\" content=\"1125\" \/>\n\t<meta property=\"og:image:type\" content=\"image\/jpeg\" \/>\n<meta name=\"twitter:card\" content=\"summary_large_image\" \/>\n<meta name=\"twitter:label1\" content=\"Dur\u00e9e de lecture estim\u00e9e\" \/>\n\t<meta name=\"twitter:data1\" content=\"1 minute\" \/>\n<script type=\"application\/ld+json\" class=\"yoast-schema-graph\">{\"@context\":\"https:\/\/schema.org\",\"@graph\":[{\"@type\":\"WebPage\",\"@id\":\"https:\/\/www.isdi-perval.fr\/\",\"url\":\"https:\/\/www.isdi-perval.fr\/\",\"name\":\"Isdi Perval - ISDI Perval Installation de Stockage de D\u00e9chets Inertes, Gevrey-Chambertin, Dijon - ISDI Perval\",\"isPartOf\":{\"@id\":\"https:\/\/www.isdi-perval.fr\/#website\"},\"primaryImageOfPage\":{\"@id\":\"https:\/\/www.isdi-perval.fr\/#primaryimage\"},\"image\":{\"@id\":\"https:\/\/www.isdi-perval.fr\/#primaryimage\"},\"thumbnailUrl\":\"https:\/\/www.isdi-perval.fr\/wp-content\/uploads\/2026\/02\/isdi-perval-site.jpg\",\"datePublished\":\"2026-02-06T10:38:13+00:00\",\"dateModified\":\"2026-04-02T08:26:22+00:00\",\"description\":\"Centre ISDI Perval \u00e0 Gevrey-Chambertin : stockage et gestion des d\u00e9chets inertes de chantier pour les professionnels du BTP pr\u00e8s de Dijon.\",\"breadcrumb\":{\"@id\":\"https:\/\/www.isdi-perval.fr\/#breadcrumb\"},\"inLanguage\":\"fr-FR\",\"potentialAction\":[{\"@type\":\"ReadAction\",\"target\":[\"https:\/\/www.isdi-perval.fr\/\"]}]},{\"@type\":\"ImageObject\",\"inLanguage\":\"fr-FR\",\"@id\":\"https:\/\/www.isdi-perval.fr\/#primaryimage\",\"url\":\"https:\/\/www.isdi-perval.fr\/wp-content\/uploads\/2026\/02\/isdi-perval-site.jpg\",\"contentUrl\":\"https:\/\/www.isdi-perval.fr\/wp-content\/uploads\/2026\/02\/isdi-perval-site.jpg\",\"width\":1800,\"height\":1125},{\"@type\":\"BreadcrumbList\",\"@id\":\"https:\/\/www.isdi-perval.fr\/#breadcrumb\",\"itemListElement\":[{\"@type\":\"ListItem\",\"position\":1,\"name\":\"Accueil\",\"item\":\"https:\/\/www.isdi-perval.fr\/\"},{\"@type\":\"ListItem\",\"position\":2,\"name\":\"Isdi Perval\"}]},{\"@type\":\"WebSite\",\"@id\":\"https:\/\/www.isdi-perval.fr\/#website\",\"url\":\"https:\/\/www.isdi-perval.fr\/\",\"name\":\"ISDI Perval\",\"description\":\"\",\"potentialAction\":[{\"@type\":\"SearchAction\",\"target\":{\"@type\":\"EntryPoint\",\"urlTemplate\":\"https:\/\/www.isdi-perval.fr\/?s={search_term_string}\"},\"query-input\":{\"@type\":\"PropertyValueSpecification\",\"valueRequired\":true,\"valueName\":\"search_term_string\"}}],\"inLanguage\":\"fr-FR\"}]}<\/script>\n<!-- \/ Yoast SEO plugin. -->","yoast_head_json":{"title":"Isdi Perval - ISDI Perval Installation de Stockage de D\u00e9chets Inertes, Gevrey-Chambertin, Dijon - ISDI Perval","description":"Centre ISDI Perval \u00e0 Gevrey-Chambertin : stockage et gestion des d\u00e9chets inertes de chantier pour les professionnels du BTP pr\u00e8s de Dijon.","robots":{"index":"index","follow":"follow","max-snippet":"max-snippet:-1","max-image-preview":"max-image-preview:large","max-video-preview":"max-video-preview:-1"},"canonical":"https:\/\/www.isdi-perval.fr\/","og_locale":"fr_FR","og_type":"article","og_title":"Isdi Perval - ISDI Perval Installation de Stockage de D\u00e9chets Inertes, Gevrey-Chambertin, Dijon - ISDI Perval","og_description":"Centre ISDI Perval \u00e0 Gevrey-Chambertin : stockage et gestion des d\u00e9chets inertes de chantier pour les professionnels du BTP pr\u00e8s de Dijon.","og_url":"https:\/\/www.isdi-perval.fr\/","og_site_name":"ISDI Perval","article_modified_time":"2026-04-02T08:26:22+00:00","og_image":[{"width":1800,"height":1125,"url":"https:\/\/www.isdi-perval.fr\/wp-content\/uploads\/2026\/02\/isdi-perval-site.jpg","type":"image\/jpeg"}],"twitter_card":"summary_large_image","twitter_misc":{"Dur\u00e9e de lecture estim\u00e9e":"1 minute"},"schema":{"@context":"https:\/\/schema.org","@graph":[{"@type":"WebPage","@id":"https:\/\/www.isdi-perval.fr\/","url":"https:\/\/www.isdi-perval.fr\/","name":"Isdi Perval - ISDI Perval Installation de Stockage de D\u00e9chets Inertes, Gevrey-Chambertin, Dijon - ISDI Perval","isPartOf":{"@id":"https:\/\/www.isdi-perval.fr\/#website"},"primaryImageOfPage":{"@id":"https:\/\/www.isdi-perval.fr\/#primaryimage"},"image":{"@id":"https:\/\/www.isdi-perval.fr\/#primaryimage"},"thumbnailUrl":"https:\/\/www.isdi-perval.fr\/wp-content\/uploads\/2026\/02\/isdi-perval-site.jpg","datePublished":"2026-02-06T10:38:13+00:00","dateModified":"2026-04-02T08:26:22+00:00","description":"Centre ISDI Perval \u00e0 Gevrey-Chambertin : stockage et gestion des d\u00e9chets inertes de chantier pour les professionnels du BTP pr\u00e8s de Dijon.","breadcrumb":{"@id":"https:\/\/www.isdi-perval.fr\/#breadcrumb"},"inLanguage":"fr-FR","potentialAction":[{"@type":"ReadAction","target":["https:\/\/www.isdi-perval.fr\/"]}]},{"@type":"ImageObject","inLanguage":"fr-FR","@id":"https:\/\/www.isdi-perval.fr\/#primaryimage","url":"https:\/\/www.isdi-perval.fr\/wp-content\/uploads\/2026\/02\/isdi-perval-site.jpg","contentUrl":"https:\/\/www.isdi-perval.fr\/wp-content\/uploads\/2026\/02\/isdi-perval-site.jpg","width":1800,"height":1125},{"@type":"BreadcrumbList","@id":"https:\/\/www.isdi-perval.fr\/#breadcrumb","itemListElement":[{"@type":"ListItem","position":1,"name":"Accueil","item":"https:\/\/www.isdi-perval.fr\/"},{"@type":"ListItem","position":2,"name":"Isdi Perval"}]},{"@type":"WebSite","@id":"https:\/\/www.isdi-perval.fr\/#website","url":"https:\/\/www.isdi-perval.fr\/","name":"ISDI Perval","description":"","potentialAction":[{"@type":"SearchAction","target":{"@type":"EntryPoint","urlTemplate":"https:\/\/www.isdi-perval.fr\/?s={search_term_string}"},"query-input":{"@type":"PropertyValueSpecification","valueRequired":true,"valueName":"search_term_string"}}],"inLanguage":"fr-FR"}]}},"_links":{"self":[{"href":"https:\/\/www.isdi-perval.fr\/index.php?rest_route=\/wp\/v2\/pages\/2","targetHints":{"allow":["GET"]}}],"collection":[{"href":"https:\/\/www.isdi-perval.fr\/index.php?rest_route=\/wp\/v2\/pages"}],"about":[{"href":"https:\/\/www.isdi-perval.fr\/index.php?rest_route=\/wp\/v2\/types\/page"}],"author":[{"embeddable":true,"href":"https:\/\/www.isdi-perval.fr\/index.php?rest_route=\/wp\/v2\/users\/1"}],"replies":[{"embeddable":true,"href":"https:\/\/www.isdi-perval.fr\/index.php?rest_route=%2Fwp%2Fv2%2Fcomments&post=2"}],"version-history":[{"count":16,"href":"https:\/\/www.isdi-perval.fr\/index.php?rest_route=\/wp\/v2\/pages\/2\/revisions"}],"predecessor-version":[{"id":89,"href":"https:\/\/www.isdi-perval.fr\/index.php?rest_route=\/wp\/v2\/pages\/2\/revisions\/89"}],"wp:featuredmedia":[{"embeddable":true,"href":"https:\/\/www.isdi-perval.fr\/index.php?rest_route=\/wp\/v2\/media\/28"}],"wp:attachment":[{"href":"https:\/\/www.isdi-perval.fr\/index.php?rest_route=%2Fwp%2Fv2%2Fmedia&parent=2"}],"curies":[{"name":"wp","href":"https:\/\/api.w.org\/{rel}","templated":true}]}}